{"id":2188,"date":"2021-02-17T14:36:27","date_gmt":"2021-02-17T14:36:27","guid":{"rendered":"http:\/\/iscm-slovakia.mneme.sk\/pre-skladatelov\/"},"modified":"2021-06-09T20:42:42","modified_gmt":"2021-06-09T20:42:42","slug":"for-composers","status":"publish","type":"page","link":"https:\/\/iscm-slovakia.org\/en\/for-composers\/","title":{"rendered":"For composers"},"content":{"rendered":"<section class=\"l-section wpb_row height_custom color_primary with_img with_overlay\"><div class=\"l-section-img\" style=\"background-image: url(https:\/\/iscm-slovakia.org\/wp-content\/uploads\/Pre-skladatelov.jpg);background-repeat: no-repeat;\" data-img-width=\"2199\" data-img-height=\"507\"><\/div><div class=\"l-section-overlay\" style=\"background: linear-gradient(90deg,#1f40e6,rgba(31,64,230,0.8))\"><\/div><div class=\"l-section-h i-cf\"><div class=\"g-cols vc_row type_default valign_top\"><div class=\"vc_col-sm-12 vc_col-lg-6 vc_col-md-12 vc_col-xs-12 wpb_column vc_column_container\"><div class=\"vc_column-inner\"><div class=\"wpb_wrapper\"><div class=\"wpb_text_column us_custom_d96219db\" ><div class=\"wpb_wrapper\"><h1 class=\"ps_main_headline\" style=\"text-align: left;\">For musicians<\/h1>\n<h4 class=\"ps_main_headline\" style=\"text-align: left;\"><\/h4>\n<\/div><\/div><\/div><\/div><\/div><div class=\"vc_col-sm-12 vc_col-lg-6 vc_col-md-12 vc_col-xs-12 wpb_column vc_column_container\"><div class=\"vc_column-inner\"><div class=\"wpb_wrapper\"><div class=\"wpb_text_column us_custom_de426103\" ><div class=\"wpb_wrapper\"><\/div><\/div><\/div><\/div><\/div><\/div><\/div><\/section><section class=\"l-section wpb_row us_custom_54e7f678 height_custom\"><div class=\"l-section-h i-cf\"><div class=\"g-cols vc_row type_default valign_top\"><div class=\"vc_col-sm-12 wpb_column vc_column_container\"><div class=\"vc_column-inner\"><div class=\"wpb_wrapper\"><div class=\"w-grid type_grid layout_581 cols_3\" id=\"us_grid_1\" data-filterable=\"true\"><style id=\"us_grid_1_css\">#us_grid_1 .w-grid-item{padding:1.5rem}#us_grid_1 .w-grid-list{margin:-1.5rem -1.5rem 1.5rem}.w-grid + #us_grid_1 .w-grid-list{margin-top:1.5rem}@media (max-width:899px){#us_grid_1 .w-grid-item{width:50.0000%}}@media (max-width:599px){#us_grid_1 .w-grid-list{margin:0}#us_grid_1 .w-grid-item{width:100.0000%;padding:0;margin-bottom:1.5rem}}<\/style><style>.layout_581 .w-grid-item-h{}@media(max-width:599px){.layout_581 .usg_post_content_1{display:none!important}}.layout_581 .usg_post_custom_field_1{transition-duration:0.3s;transform-origin:50% 50%;transform:scale(1) translate(0%,0%);opacity:0}.layout_581 .w-grid-item-h:hover .usg_post_custom_field_1{transform:scale(1) translate(0%,0%);opacity:1}.layout_581 .usg_post_title_1{color:#1F40E6!important;font-family:'Open Sans',sans-serif!important;font-size:1.2rem!important;line-height:32px!important;margin-bottom:0.3vw!important}.layout_581 .usg_post_date_1{color:#737473!important;font-family:'Open Sans',sans-serif!important;font-size:0.8em!important;line-height:1.5!important}.layout_581 .usg_post_content_1{color:#1a1a1a!important}.layout_581 .usg_post_custom_field_1{position:absolute!important;left:-1.5rem!important;top:-1.5rem!important;bottom:-1.5rem!important;right:-1.5rem!important;box-shadow:0 10px 30px 0 rgba(0,0,0,0.12)!important}.layout_581 .usg_post_taxonomy_1{color:#999999!important;font-size:0.8em!important;line-height:1.5!important;margin-top:0.5vw!important}<\/style><div class=\"w-grid-list\" >\t<article class=\"w-grid-item size_1x1 post-3509 post type-post status-publish format-standard has-post-thumbnail hentry category-for-composers category-news\" data-id=\"3509\">\r\n\t\t<div class=\"w-grid-item-h\">\r\n\t\t\t\t\t\t<div class=\"w-post-elm post_custom_field usg_post_custom_field_1 type_text\"><\/div><div class=\"w-vwrapper usg_vwrapper_1 align_left valign_top\" style=\"--vwrapper-gap:0.5rem\"><div class=\"w-post-elm post_image usg_post_image_1 has_ratio\"><div style=\"padding-bottom:75.0000%\"><\/div><a href=\"https:\/\/iscm-slovakia.org\/en\/news\/we-know-the-selected-songs-for-iscm-world-new-music-days-2025-portugal\/\" aria-label=\"We know the selected songs for ISCM World New Music Days 2025 &#8211; Portugal\"><img width=\"760\" height=\"760\" src=\"https:\/\/iscm-slovakia.org\/wp-content\/uploads\/Snimka-obrazovky-2024-11-07-o-19.20.19-760x760.png\" class=\"attachment-760x760 size-760x760 wp-post-image\" alt=\"\" decoding=\"async\" loading=\"lazy\" srcset=\"https:\/\/iscm-slovakia.org\/wp-content\/uploads\/Snimka-obrazovky-2024-11-07-o-19.20.19-760x760.png 760w, https:\/\/iscm-slovakia.org\/wp-content\/uploads\/Snimka-obrazovky-2024-11-07-o-19.20.19-150x150.png 150w\" sizes=\"(max-width: 760px) 100vw, 760px\" \/><\/a><\/div><div class=\"w-post-elm post_taxonomy usg_post_taxonomy_1 style_simple color_link_inherit has_text_color\"><a href=\"https:\/\/iscm-slovakia.org\/en\/category\/for-composers\/\">For composers<\/a>, <a href=\"https:\/\/iscm-slovakia.org\/en\/category\/news\/\">News<\/a><\/div><h2 class=\"w-post-elm post_title usg_post_title_1 entry-title color_link_inherit has_text_color\"><a href=\"https:\/\/iscm-slovakia.org\/en\/news\/we-know-the-selected-songs-for-iscm-world-new-music-days-2025-portugal\/\">We know the selected songs for ISCM World New Music Days 2025 &#8211; Portugal<\/a><\/h2><div class=\"w-post-elm post_content usg_post_content_1\">The following compositions have been selected for the international festival ISCM World New Music Days 2025, which will take place&hellip;<\/div><time class=\"w-post-elm post_date usg_post_date_1 entry-date published\" datetime=\"2024-11-08T12:26:44+00:00\">8. November 2024<\/time><\/div>\t\t<\/div>\r\n\t<\/article>\r\n\t<article class=\"w-grid-item size_1x1 post-2830 post type-post status-publish format-standard has-post-thumbnail hentry category-for-composers category-news category-pre-skladatelov category-aktuality\" data-id=\"2830\">\r\n\t\t<div class=\"w-grid-item-h\">\r\n\t\t\t\t\t\t<div class=\"w-post-elm post_custom_field usg_post_custom_field_1 type_text\"><\/div><div class=\"w-vwrapper usg_vwrapper_1 align_left valign_top\" style=\"--vwrapper-gap:0.5rem\"><div class=\"w-post-elm post_image usg_post_image_1 has_ratio\"><div style=\"padding-bottom:75.0000%\"><\/div><a href=\"https:\/\/iscm-slovakia.org\/en\/aktuality\/these-pieces-will-be-performed-at-the-2021-iscm-wnmd-in-beijing\/\" aria-label=\"These pieces will be performed at the 2021 ISCM WNMD in Beijing!\"><img width=\"760\" height=\"597\" src=\"https:\/\/iscm-slovakia.org\/wp-content\/uploads\/image002-760x597.jpg\" class=\"attachment-760x760 size-760x760 wp-post-image\" alt=\"\" decoding=\"async\" loading=\"lazy\" \/><\/a><\/div><div class=\"w-post-elm post_taxonomy usg_post_taxonomy_1 style_simple color_link_inherit has_text_color\"><a href=\"https:\/\/iscm-slovakia.org\/en\/category\/for-composers\/\">For composers<\/a>, <a href=\"https:\/\/iscm-slovakia.org\/en\/category\/news\/\">News<\/a>, <a href=\"https:\/\/iscm-slovakia.org\/category\/pre-skladatelov\/\">Pre skladate\u013eov<\/a>, <a href=\"https:\/\/iscm-slovakia.org\/category\/aktuality\/\">Aktuality<\/a><\/div><h2 class=\"w-post-elm post_title usg_post_title_1 entry-title color_link_inherit has_text_color\"><a href=\"https:\/\/iscm-slovakia.org\/en\/aktuality\/these-pieces-will-be-performed-at-the-2021-iscm-wnmd-in-beijing\/\">These pieces will be performed at the 2021 ISCM WNMD in Beijing!<\/a><\/h2><div class=\"w-post-elm post_content usg_post_content_1\">Dear composers, the organizers of the 2021 ISCM World New Music Days have selected the following pieces for the programme&hellip;<\/div><time class=\"w-post-elm post_date usg_post_date_1 entry-date published\" datetime=\"2021-08-16T16:06:00+00:00\">16. August 2021<\/time><\/div>\t\t<\/div>\r\n\t<\/article>\r\n\t<article class=\"w-grid-item size_1x1 post-2430 post type-post status-publish format-standard has-post-thumbnail hentry category-for-composers category-news\" data-id=\"2430\">\r\n\t\t<div class=\"w-grid-item-h\">\r\n\t\t\t\t\t\t<div class=\"w-post-elm post_custom_field usg_post_custom_field_1 type_text\"><\/div><div class=\"w-vwrapper usg_vwrapper_1 align_left valign_top\" style=\"--vwrapper-gap:0.5rem\"><div class=\"w-post-elm post_image usg_post_image_1 has_ratio\"><div style=\"padding-bottom:75.0000%\"><\/div><a href=\"https:\/\/iscm-slovakia.org\/en\/news\/lets-zoom-to-the-veni-academy-zoom-webinars\/\" aria-label=\"Let&#8217;s zoom to the VENI ACADEMY Zoom webinars!\"><img width=\"760\" height=\"664\" src=\"https:\/\/iscm-slovakia.org\/wp-content\/uploads\/VA_studium-Adamciaka-760x664.jpg\" class=\"attachment-760x760 size-760x760 wp-post-image\" alt=\"\" decoding=\"async\" loading=\"lazy\" \/><\/a><\/div><div class=\"w-post-elm post_taxonomy usg_post_taxonomy_1 style_simple color_link_inherit has_text_color\"><a href=\"https:\/\/iscm-slovakia.org\/en\/category\/for-composers\/\">For composers<\/a>, <a href=\"https:\/\/iscm-slovakia.org\/en\/category\/news\/\">News<\/a><\/div><h2 class=\"w-post-elm post_title usg_post_title_1 entry-title color_link_inherit has_text_color\"><a href=\"https:\/\/iscm-slovakia.org\/en\/news\/lets-zoom-to-the-veni-academy-zoom-webinars\/\">Let&#8217;s zoom to the VENI ACADEMY Zoom webinars!<\/a><\/h2><div class=\"w-post-elm post_content usg_post_content_1\">Dear friends and members of VENI ACADEMY, we have prepared Zoom-based webinars for you! Here is the complete list \u2013&hellip;<\/div><time class=\"w-post-elm post_date usg_post_date_1 entry-date published\" datetime=\"2021-05-20T11:32:00+00:00\">20. May 2021<\/time><\/div>\t\t<\/div>\r\n\t<\/article>\r\n\t<article class=\"w-grid-item size_1x1 post-2158 post type-post status-publish format-standard has-post-thumbnail hentry category-for-composers category-news\" data-id=\"2158\">\r\n\t\t<div class=\"w-grid-item-h\">\r\n\t\t\t\t\t\t<div class=\"w-post-elm post_custom_field usg_post_custom_field_1 type_text\"><\/div><div class=\"w-vwrapper usg_vwrapper_1 align_left valign_top\" style=\"--vwrapper-gap:0.5rem\"><div class=\"w-post-elm post_image usg_post_image_1 has_ratio\"><div style=\"padding-bottom:75.0000%\"><\/div><a href=\"https:\/\/iscm-slovakia.org\/en\/news\/skladby-nominovane-na-iscm-world-new-music-days-2021\/\" aria-label=\"Works submitted to the ISCM World New Music Days 2021\"><img width=\"760\" height=\"597\" src=\"https:\/\/iscm-slovakia.org\/wp-content\/uploads\/image002-760x597.jpg\" class=\"attachment-760x760 size-760x760 wp-post-image\" alt=\"\" decoding=\"async\" loading=\"lazy\" \/><\/a><\/div><div class=\"w-post-elm post_taxonomy usg_post_taxonomy_1 style_simple color_link_inherit has_text_color\"><a href=\"https:\/\/iscm-slovakia.org\/en\/category\/for-composers\/\">For composers<\/a>, <a href=\"https:\/\/iscm-slovakia.org\/en\/category\/news\/\">News<\/a><\/div><h2 class=\"w-post-elm post_title usg_post_title_1 entry-title color_link_inherit has_text_color\"><a href=\"https:\/\/iscm-slovakia.org\/en\/news\/skladby-nominovane-na-iscm-world-new-music-days-2021\/\">Works submitted to the ISCM World New Music Days 2021<\/a><\/h2><div class=\"w-post-elm post_content usg_post_content_1\">Music Centre Slovakia and the Slovak Section of the ISCM have chosen 12 compositions (out of the works received up&hellip;<\/div><time class=\"w-post-elm post_date usg_post_date_1 entry-date published\" datetime=\"2021-03-16T18:30:00+00:00\">16. March 2021<\/time><\/div>\t\t<\/div>\r\n\t<\/article>\r\n\t<article class=\"w-grid-item size_1x1 post-2159 post type-post status-publish format-standard has-post-thumbnail hentry category-for-composers category-news\" data-id=\"2159\">\r\n\t\t<div class=\"w-grid-item-h\">\r\n\t\t\t\t\t\t<div class=\"w-post-elm post_custom_field usg_post_custom_field_1 type_text\"><\/div><div class=\"w-vwrapper usg_vwrapper_1 align_left valign_top\" style=\"--vwrapper-gap:0.5rem\"><div class=\"w-post-elm post_image usg_post_image_1 has_ratio\"><div style=\"padding-bottom:75.0000%\"><\/div><a href=\"https:\/\/iscm-slovakia.org\/en\/news\/vyzva-na-zasielanie-skladieb-iscm-world-new-music-days-2021-shanghai-a-nanning-cina\/\" aria-label=\"V\u00fdzva na zasielanie skladieb: ISCM World New Music Days 2021 \u2013 Shanghai a Nanning, \u010c\u00edna\"><img width=\"760\" height=\"597\" src=\"https:\/\/iscm-slovakia.org\/wp-content\/uploads\/image002-760x597.jpg\" class=\"attachment-760x760 size-760x760 wp-post-image\" alt=\"\" decoding=\"async\" loading=\"lazy\" \/><\/a><\/div><div class=\"w-post-elm post_taxonomy usg_post_taxonomy_1 style_simple color_link_inherit has_text_color\"><a href=\"https:\/\/iscm-slovakia.org\/en\/category\/for-composers\/\">For composers<\/a>, <a href=\"https:\/\/iscm-slovakia.org\/en\/category\/news\/\">News<\/a><\/div><h2 class=\"w-post-elm post_title usg_post_title_1 entry-title color_link_inherit has_text_color\"><a href=\"https:\/\/iscm-slovakia.org\/en\/news\/vyzva-na-zasielanie-skladieb-iscm-world-new-music-days-2021-shanghai-a-nanning-cina\/\">V\u00fdzva na zasielanie skladieb: ISCM World New Music Days 2021 \u2013 Shanghai a Nanning, \u010c\u00edna<\/a><\/h2><div class=\"w-post-elm post_content usg_post_content_1\">Mil\u00ed skladatelia, radi by sme v\u00e1s informovali o aktu\u00e1lnej v\u00fdzve na zasielanie skladieb pre medzin\u00e1rodn\u00fd festival ISCM World New Music&hellip;<\/div><time class=\"w-post-elm post_date usg_post_date_1 entry-date published\" datetime=\"2021-03-14T11:20:00+00:00\">14. March 2021<\/time><\/div>\t\t<\/div>\r\n\t<\/article>\r\n<\/div><div class=\"w-grid-preloader\"><div class=\"g-preloader type_1\">\r\n\t<div><\/div>\r\n<\/div>\r\n<\/div>\t<div class=\"w-grid-json hidden\" onclick='return {&quot;action&quot;:&quot;us_ajax_grid&quot;,&quot;ajax_url&quot;:&quot;https:\\\/\\\/iscm-slovakia.org\\\/wp-admin\\\/admin-ajax.php&quot;,&quot;infinite_scroll&quot;:0,&quot;max_num_pages&quot;:1,&quot;pagination&quot;:&quot;ajax&quot;,&quot;permalink_url&quot;:&quot;https:\\\/\\\/iscm-slovakia.org\\\/en\\\/wp-json\\\/wp\\\/v2\\\/pages\\\/2188\\\/&quot;,&quot;template_vars&quot;:{&quot;columns&quot;:&quot;3&quot;,&quot;exclude_items&quot;:&quot;none&quot;,&quot;img_size&quot;:&quot;default&quot;,&quot;ignore_items_size&quot;:false,&quot;items_layout&quot;:&quot;581&quot;,&quot;items_offset&quot;:&quot;1&quot;,&quot;load_animation&quot;:&quot;none&quot;,&quot;overriding_link&quot;:&quot;none&quot;,&quot;post_id&quot;:2188,&quot;query_args&quot;:{&quot;post_type&quot;:[&quot;post&quot;],&quot;tax_query&quot;:[{&quot;taxonomy&quot;:&quot;category&quot;,&quot;field&quot;:&quot;slug&quot;,&quot;terms&quot;:[&quot;customer-experience&quot;,&quot;pre-skladatelov&quot;]}],&quot;post_status&quot;:[&quot;publish&quot;,&quot;acf-disabled&quot;],&quot;posts_per_page&quot;:&quot;6&quot;},&quot;orderby_query_args&quot;:{&quot;orderby&quot;:{&quot;date&quot;:&quot;DESC&quot;}},&quot;type&quot;:&quot;grid&quot;,&quot;us_grid_ajax_index&quot;:1,&quot;us_grid_filter_params&quot;:null,&quot;us_grid_index&quot;:1,&quot;_us_grid_post_type&quot;:&quot;post&quot;,&quot;lang&quot;:&quot;en&quot;}}'><\/div>\r\n\t<\/div><\/div><\/div><\/div><\/div><\/div><\/section><section class=\"l-section wpb_row us_custom_0741ea35 height_auto\"><div class=\"l-section-h i-cf\"><div class=\"g-cols vc_row type_default valign_top\"><div class=\"vc_col-sm-12 wpb_column vc_column_container\"><div class=\"vc_column-inner\"><div class=\"wpb_wrapper\"><div class=\"wpb_text_column\" ><div class=\"wpb_wrapper\"><h2 style=\"text-align: center;\">ISCM a skladate\u013e<\/h2>\n<\/div><\/div><\/div><\/div><\/div><\/div><\/div><\/section><section class=\"l-section wpb_row height_custom\"><div class=\"l-section-h i-cf\"><div class=\"g-cols vc_row type_default valign_top\"><div class=\"vc_col-sm-8 wpb_column vc_column_container\"><div class=\"vc_column-inner\"><div class=\"wpb_wrapper\"><div class=\"w-video us_custom_2d9ebfef align_left ratio_16x9\"><div class=\"w-video-h\"><iframe src=\"\/\/www.youtube.com\/embed\/AEzMgcbpc9A?autoplay=0&controls=0&origin=https%3A%2F%2Fiscm-slovakia.org\" allowfullscreen=\"1\"><\/iframe><\/div><div class=\"w-video-icon\" style=\"font-size:1.5rem;background:rgba(0,0,0,0.5);color:#fff;\"><\/div><\/div><\/div><\/div><\/div><div class=\"vc_col-sm-4 wpb_column vc_column_container\"><div class=\"vc_column-inner\"><div class=\"wpb_wrapper\"><div class=\"wpb_text_column\" ><div class=\"wpb_wrapper\"><p>\u010casto sme svedkami toho, \u017ee prvotn\u00fd kontakt s novou (s\u00fa\u010dasnou) hudbou je pre pr\u00edjemcu ve\u013ek\u00fdm prekvapen\u00edm, vyru\u0161en\u00edm a\u017e \u0161okom. Je to preto, lebo \u017eia\u013e e\u0161te st\u00e1le novej hudbe zv\u00e4\u010d\u0161a predch\u00e1dza star\u00e1 pedagogika.<\/p>\n<p>Star\u00e1 pedagogika predpoklad\u00e1, \u017ee nov\u00e1 hudba je vysoko sofistikovan\u00fdm umen\u00edm pre h\u0155stku vyvolen\u00fdch a \u017ee je to mno\u017eina konkr\u00e9tnych hudobn\u00fdch diel. Nov\u00e1 pedagogika vych\u00e1dza z opa\u010dn\u00e9ho predpokladu; nov\u00e1 hudba jej umo\u017e\u0148uje ten najprirodzenej\u0161\u00ed, plne slobodn\u00fd a z\u00e1rove\u0148 jednoduch\u00fd vstup do sveta hudby, z\u00e1rove\u0148 to nie s\u00fa vedomosti o konkr\u00e9tnych dielach.<\/p>\n<\/div><\/div><\/div><\/div><\/div><\/div><\/div><\/section><section class=\"l-section wpb_row height_medium\" id=\"results\"><div class=\"l-section-h i-cf\"><div class=\"g-cols vc_row type_default valign_top\"><div class=\"vc_col-sm-6 wpb_column vc_column_container\"><div class=\"vc_column-inner\"><div class=\"wpb_wrapper\"><div class=\"w-iconbox us_custom_05b41b2a iconpos_top style_default color_primary align_left no_text icontype_img\"><a title=\"Projects\" href=\"https:\/\/iscm-slovakia.org\/en\/projects\/\" class=\"w-iconbox-link\" aria-label=\"Projects\"><div class=\"w-iconbox-icon\" style=\"font-size:4rem;\"><?xml version=\"1.0\" encoding=\"utf-8\"?>\r\n<!-- Generator: Adobe Illustrator 22.1.0, SVG Export Plug-In . SVG Version: 6.00 Build 0)  -->\r\n<svg version=\"1.1\" id=\"Layer_1\" xmlns=\"http:\/\/www.w3.org\/2000\/svg\" xmlns:xlink=\"http:\/\/www.w3.org\/1999\/xlink\" x=\"0px\" y=\"0px\"\r\n\t viewBox=\"0 0 95.8 88.5\" style=\"enable-background:new 0 0 95.8 88.5;\" xml:space=\"preserve\">\r\n<style type=\"text\/css\">\r\n\t.st0{fill:#20438F;}\r\n<\/style>\r\n<path class=\"st0\" d=\"M71.9,59c0,1,0.8,1.8,1.8,1.8c1,0,1.8-0.8,1.8-1.8c0-5.8,4.5-10.8,9.2-16.1c5.4-6,11.1-12.3,11.1-20.8\r\n\tC95.8,9.9,85.9,0,73.7,0S51.6,9.9,51.6,22.1c0,8.5,5.6,14.8,11.1,20.8C67.4,48.2,71.9,53.1,71.9,59z M73.7,3.7\r\n\tc10.2,0,18.4,8.3,18.4,18.4c0,7.1-5.1,12.8-10.1,18.3c-3.2,3.5-6.4,7.1-8.3,11c-1.9-4-5.2-7.6-8.3-11c-5-5.5-10.1-11.2-10.1-18.3\r\n\tC55.3,12,63.6,3.7,73.7,3.7z M73.7,31.3c5.1,0,9.2-4.1,9.2-9.2s-4.1-9.2-9.2-9.2c-5.1,0-9.2,4.1-9.2,9.2S68.6,31.3,73.7,31.3z\r\n\t M73.7,16.6c3,0,5.5,2.5,5.5,5.5s-2.5,5.5-5.5,5.5c-3,0-5.5-2.5-5.5-5.5S70.7,16.6,73.7,16.6z M94,38.8c-1,0-1.8,0.8-1.8,1.8v31.2\r\n\tc-0.1-0.1-0.2-0.1-0.2-0.1c-0.1-0.1-0.3-0.2-0.5-0.3c-0.3-0.2-0.6-0.4-1-0.5c-0.2-0.1-0.4-0.2-0.5-0.2c-0.4-0.1-0.7-0.2-1.1-0.3\r\n\tc-0.2,0-0.3-0.1-0.5-0.1c-0.6-0.1-1.1-0.2-1.7-0.2H9.2c-3,0-5.5-2.5-5.5-5.5S6.2,59,9.2,59h7.4c1,0,1.8-0.8,1.8-1.8V18.4h28.2\r\n\tc1,0,1.8-0.8,1.8-1.8s-0.8-1.8-1.8-1.8H18.4V1.8c0-1-0.8-1.8-1.8-1.8h-5.5C5,0,0,5,0,11.1v53.5c0,5.1,4.1,9.2,9.2,9.2h68.2v12.9\r\n\tc0,1,0.8,1.8,1.8,1.8h7.4c5.1,0,9.2-4.1,9.2-9.2V40.7C95.8,39.6,95,38.8,94,38.8z M3.7,11.1C3.7,7,7,3.7,11.1,3.7h3.7v51.6H9.2\r\n\tc-0.6,0-1.2,0.1-1.7,0.2c-0.2,0-0.3,0.1-0.5,0.1c-0.4,0.1-0.7,0.2-1.1,0.3c-0.2,0.1-0.4,0.2-0.5,0.2c-0.3,0.2-0.7,0.3-1,0.5\r\n\tc-0.2,0.1-0.3,0.2-0.5,0.3c-0.1,0.1-0.2,0.1-0.2,0.1V11.1z M86.6,84.8h-5.5V73.7h5.5c3,0,5.5,2.5,5.5,5.5\r\n\tC92.2,82.3,89.7,84.8,86.6,84.8z M24,40.5c0.5,0,0.9-0.2,1.3-0.5L40,25.3c0.7-0.7,0.7-1.9,0-2.6c-0.7-0.7-1.9-0.7-2.6,0L22.7,37.4\r\n\tc-0.7,0.7-0.7,1.9,0,2.6C23,40.4,23.5,40.5,24,40.5z M22.7,56.6c0.7,0.7,1.9,0.7,2.6,0l9.8-9.8l19,19c0.4,0.4,0.8,0.5,1.3,0.5\r\n\tc0.5,0,0.9-0.2,1.3-0.5c0.7-0.7,0.7-1.9,0-2.6L36.3,42.9c-0.7-0.7-1.9-0.7-2.6,0L22.7,54C21.9,54.7,21.9,55.9,22.7,56.6z M46.6,28.2\r\n\tl-7.4,7.4c-0.7,0.7-0.7,1.9,0,2.6l27.6,27.6c0.4,0.4,0.8,0.5,1.3,0.5c0.5,0,0.9-0.2,1.3-0.5c0.7-0.7,0.7-1.9,0-2.6L43.2,36.9\r\n\tl6.1-6.1c0.7-0.7,0.7-1.9,0-2.6C48.5,27.5,47.3,27.5,46.6,28.2z\"\/>\r\n<\/svg>\r\n<\/div><\/a><div class=\"w-iconbox-meta\"><a title=\"Projects\" href=\"https:\/\/iscm-slovakia.org\/en\/projects\/\" class=\"w-iconbox-link\" aria-label=\"Projects\"><h3 class=\"w-iconbox-title\">Projects<\/h3><\/a><\/div><\/div><\/div><\/div><\/div><div class=\"vc_col-sm-6 wpb_column vc_column_container\"><div class=\"vc_column-inner\"><div class=\"wpb_wrapper\"><div class=\"w-iconbox us_custom_05b41b2a iconpos_top style_default color_primary align_left no_text icontype_img\"><a title=\"Contact\" href=\"https:\/\/iscm-slovakia.org\/en\/contact\/\" class=\"w-iconbox-link\" aria-label=\"Be part of the story\"><div class=\"w-iconbox-icon\" style=\"font-size:4rem;\"><?xml version=\"1.0\" encoding=\"utf-8\"?>\r\n<!-- Generator: Adobe Illustrator 22.1.0, SVG Export Plug-In . SVG Version: 6.00 Build 0)  -->\r\n<svg version=\"1.1\" id=\"Layer_1\" xmlns=\"http:\/\/www.w3.org\/2000\/svg\" xmlns:xlink=\"http:\/\/www.w3.org\/1999\/xlink\" x=\"0px\" y=\"0px\"\r\n\t viewBox=\"0 0 103.2 81.1\" style=\"enable-background:new 0 0 103.2 81.1;\" xml:space=\"preserve\">\r\n<style type=\"text\/css\">\r\n\t.st0{fill:#20438F;}\r\n<\/style>\r\n<path class=\"st0\" d=\"M101.4,66.4H46.1c-1,0-1.8,0.8-1.8,1.8v3.7c0,3-2.5,5.5-5.5,5.5c-3,0-5.5-2.5-5.5-5.5V9.2c0-2.1-0.7-4-1.8-5.5\r\n\th49.8c4.1,0,7.4,3.3,7.4,7.4v49.8c0,1,0.8,1.8,1.8,1.8c1,0,1.8-0.8,1.8-1.8V11.1C92.2,5,87.2,0,81.1,0H24c-5.1,0-9.2,4.1-9.2,9.2\r\n\tv40.5c0,3-2.5,5.5-5.5,5.5c-3,0-5.5-2.5-5.5-5.5V22.1h5.5c1,0,1.8-0.8,1.8-1.8c0-1-0.8-1.8-1.8-1.8H1.8c-1,0-1.8,0.8-1.8,1.8v29.5\r\n\tC0,54.8,4.1,59,9.2,59H24c1,0,1.8-0.8,1.8-1.8c0-1-0.8-1.8-1.8-1.8h-7.4c1.2-1.5,1.8-3.5,1.8-5.5V9.2c0-3,2.5-5.5,5.5-5.5\r\n\tc3,0,5.5,2.5,5.5,5.5v62.7c0,5.1,4.1,9.2,9.2,9.2H94c5.1,0,9.2-4.1,9.2-9.2v-3.7C103.2,67.2,102.4,66.4,101.4,66.4z M99.5,71.9\r\n\tc0,3-2.5,5.5-5.5,5.5H46.1c1.2-1.5,1.8-3.5,1.8-5.5V70h51.6V71.9z M79.3,11.1H60.8c-1,0-1.8,0.8-1.8,1.8c0,1,0.8,1.8,1.8,1.8h18.4\r\n\tc1,0,1.8-0.8,1.8-1.8C81.1,11.9,80.3,11.1,79.3,11.1z M60.8,22.1h11.1c1,0,1.8-0.8,1.8-1.8c0-1-0.8-1.8-1.8-1.8H60.8\r\n\tc-1,0-1.8,0.8-1.8,1.8C59,21.3,59.8,22.1,60.8,22.1z M79.3,29.5H60.8c-1,0-1.8,0.8-1.8,1.8c0,1,0.8,1.8,1.8,1.8h18.4\r\n\tc1,0,1.8-0.8,1.8-1.8C81.1,30.3,80.3,29.5,79.3,29.5z M60.8,40.5h11.1c1,0,1.8-0.8,1.8-1.8c0-1-0.8-1.8-1.8-1.8H60.8\r\n\tc-1,0-1.8,0.8-1.8,1.8C59,39.7,59.8,40.5,60.8,40.5z M81.1,49.8c0-1-0.8-1.8-1.8-1.8H60.8c-1,0-1.8,0.8-1.8,1.8c0,1,0.8,1.8,1.8,1.8\r\n\th18.4C80.3,51.6,81.1,50.8,81.1,49.8z M60.8,55.3c-1,0-1.8,0.8-1.8,1.8c0,1,0.8,1.8,1.8,1.8h11.1c1,0,1.8-0.8,1.8-1.8\r\n\tc0-1-0.8-1.8-1.8-1.8H60.8z M55.3,12.9c0-1-0.8-1.8-1.8-1.8H42.4c-1,0-1.8,0.8-1.8,1.8V24c0,1,0.8,1.8,1.8,1.8h11.1\r\n\tc1,0,1.8-0.8,1.8-1.8V12.9z M51.6,22.1h-7.4v-7.4h7.4V22.1z M55.3,31.3c0-1-0.8-1.8-1.8-1.8H42.4c-1,0-1.8,0.8-1.8,1.8v11.1\r\n\tc0,1,0.8,1.8,1.8,1.8h11.1c1,0,1.8-0.8,1.8-1.8V31.3z M51.6,40.5h-7.4v-7.4h7.4V40.5z M53.5,47.9H42.4c-1,0-1.8,0.8-1.8,1.8v11.1\r\n\tc0,1,0.8,1.8,1.8,1.8h11.1c1,0,1.8-0.8,1.8-1.8V49.8C55.3,48.7,54.5,47.9,53.5,47.9z M51.6,59h-7.4v-7.4h7.4V59z\"\/>\r\n<\/svg>\r\n<\/div><\/a><div class=\"w-iconbox-meta\"><a title=\"Contact\" href=\"https:\/\/iscm-slovakia.org\/en\/contact\/\" class=\"w-iconbox-link\" aria-label=\"Be part of the story\"><h3 class=\"w-iconbox-title\">Be part of the story<\/h3><\/a><\/div><\/div><\/div><\/div><\/div><\/div><\/div><\/section>\n","protected":false},"excerpt":{"rendered":"Mil\u00ed skladatelia, radi by sme v\u00e1s informovali o aktu\u00e1lnej v\u00fdzve na zasielanie skladieb pre medzin\u00e1rodn\u00fd festival ISCM World New Music Days 2021, ktor\u00fd sa uskuto\u010dn\u00ed 17. \u2013 25. septembra 2021 v mest\u00e1ch Shanghai a&nbsp;Nanning v \u010c\u00edne. V tohtoro\u010dnej v\u00fdzve sa op\u00e4\u0165 spojili Slovensk\u00e1 sekcia ISCM a Hudobn\u00e9 centrum ako pridru\u017een\u00fd \u010dlen ISCM a do festivalov\u00e9ho...","protected":false},"author":1,"featured_media":1560,"parent":0,"menu_order":0,"comment_status":"closed","ping_status":"closed","template":"","meta":[],"acf":[],"_links":{"self":[{"href":"https:\/\/iscm-slovakia.org\/en\/wp-json\/wp\/v2\/pages\/2188"}],"collection":[{"href":"https:\/\/iscm-slovakia.org\/en\/wp-json\/wp\/v2\/pages"}],"about":[{"href":"https:\/\/iscm-slovakia.org\/en\/wp-json\/wp\/v2\/types\/page"}],"author":[{"embeddable":true,"href":"https:\/\/iscm-slovakia.org\/en\/wp-json\/wp\/v2\/users\/1"}],"replies":[{"embeddable":true,"href":"https:\/\/iscm-slovakia.org\/en\/wp-json\/wp\/v2\/comments?post=2188"}],"version-history":[{"count":6,"href":"https:\/\/iscm-slovakia.org\/en\/wp-json\/wp\/v2\/pages\/2188\/revisions"}],"predecessor-version":[{"id":2544,"href":"https:\/\/iscm-slovakia.org\/en\/wp-json\/wp\/v2\/pages\/2188\/revisions\/2544"}],"wp:featuredmedia":[{"embeddable":true,"href":"https:\/\/iscm-slovakia.org\/en\/wp-json\/wp\/v2\/media\/1560"}],"wp:attachment":[{"href":"https:\/\/iscm-slovakia.org\/en\/wp-json\/wp\/v2\/media?parent=2188"}],"curies":[{"name":"wp","href":"https:\/\/api.w.org\/{rel}","templated":true}]}}