{"id":2179,"date":"2019-11-12T10:52:40","date_gmt":"2019-11-12T10:52:40","guid":{"rendered":"http:\/\/iscm-slovakia.mneme.sk\/kontakt\/"},"modified":"2021-05-23T10:49:20","modified_gmt":"2021-05-23T10:49:20","slug":"contact","status":"publish","type":"page","link":"https:\/\/iscm-slovakia.org\/en\/contact\/","title":{"rendered":"Contact"},"content":{"rendered":"<section class=\"l-section wpb_row height_full valign_top color_primary with_img parallax_ver with_overlay\"><div class=\"l-section-img\" style=\"background-image: url(https:\/\/iscm-slovakia.org\/wp-content\/uploads\/Kontakt_ISCMjpg.jpg);\" data-img-width=\"1588\" data-img-height=\"896\"><\/div><div class=\"l-section-overlay\" style=\"background: linear-gradient(90deg,#1f40e6,rgba(31,64,230,0.8))\"><\/div><div class=\"l-section-h i-cf\"><div class=\"g-cols vc_row type_default valign_top\"><div class=\"vc_col-sm-12 wpb_column vc_column_container\"><div class=\"vc_column-inner\"><div class=\"wpb_wrapper\"><div class=\"wpb_text_column us_custom_6556fba6\" ><div class=\"wpb_wrapper\"><h1>Contacts<\/h1>\n<\/div><\/div><div class=\"w-separator size_medium\"><\/div><div class=\"g-cols wpb_row  type_default valign_top vc_inner\"><div class=\"vc_col-sm-4 wpb_column vc_column_container\"><div class=\"vc_column-inner\"><div class=\"wpb_wrapper\"><div class=\"wpb_text_column\" ><div class=\"wpb_wrapper\"><h3>Seat and postal address<\/h3>\n<p>Meden\u00e1 29<br \/>\n811 02 Bratislava<br \/>\nSlovakia<\/p>\n<p>Mgr. art. Ivan \u0160iller, ArtD. \u2013 president<br \/>\n<a href=\"mailto:iscm.slovak@gmail.com\">iscm.slovak@gmail.com<\/a><br \/>\ntel.: <a href=\"tel:+421948531744\">+421 948 531 744<\/a><\/p>\n<\/div><\/div><\/div><\/div><\/div><div class=\"vc_col-sm-4 wpb_column vc_column_container\"><div class=\"vc_column-inner\"><div class=\"wpb_wrapper\"><div class=\"wpb_text_column\" ><div class=\"wpb_wrapper\"><h3>Invoicing details<\/h3>\n<p>ID No.: 30815070<br \/>\nTax ID No.: 2021453159<br \/>\nVVS\/1-900\/90-9430<\/p>\n<p>V\u0161eobecn\u00e1 \u00faverov\u00e1 banka, a. s.<br \/>\nIBAN: SK63 0200 0000 0000 5533 4112<br \/>\nBIC: SUBASKBX<\/p>\n<\/div><\/div><\/div><\/div><\/div><div class=\"vc_col-sm-4 wpb_column vc_column_container\"><div class=\"vc_column-inner\"><div class=\"wpb_wrapper\"><div class=\"wpb_text_column\" ><div class=\"wpb_wrapper\"><h3>Follow us<\/h3>\n<\/div><\/div><div class=\"w-separator size_small\"><\/div><div class=\"w-socials us_custom_113be8f4 color_text shape_none\"><div class=\"w-socials-list\" style=\"margin:-0.75em;\"><div class=\"w-socials-item facebook\" style=\"padding:0.75em;\"><a class=\"w-socials-item-link\" href=\"#\" target=\"_blank\" rel=\"noopener nofollow\" title=\"Facebook\" aria-label=\"Facebook\"><span class=\"w-socials-item-link-hover\"><\/span><i class=\"fab fa-facebook\"><\/i><\/a><\/div><div class=\"w-socials-item youtube\" style=\"padding:0.75em;\"><a class=\"w-socials-item-link\" href=\"#\" target=\"_blank\" rel=\"noopener nofollow\" title=\"YouTube\" aria-label=\"YouTube\"><span class=\"w-socials-item-link-hover\"><\/span><i class=\"fab fa-youtube\"><\/i><\/a><\/div><div class=\"w-socials-item instagram\" style=\"padding:0.75em;\"><a class=\"w-socials-item-link\" href=\"#\" target=\"_blank\" rel=\"noopener nofollow\" title=\"Instagram\" aria-label=\"Instagram\"><span class=\"w-socials-item-link-hover\"><\/span><i class=\"fab fa-instagram\"><\/i><\/a><\/div><\/div><\/div><\/div><\/div><\/div><\/div><div class=\"w-separator size_medium\"><\/div><\/div><\/div><\/div><\/div><\/div><\/section>\n","protected":false},"excerpt":{"rendered":"Contacts Seat and postal address Meden\u00e1 29 811 02 Bratislava Slovakia Mgr. art. Ivan \u0160iller, ArtD. \u2013 president iscm.slovak@gmail.com tel.: +421 948 531 744 Invoicing details ID No.: 30815070 Tax ID No.: 2021453159 VVS\/1-900\/90-9430 V\u0161eobecn\u00e1 \u00faverov\u00e1 banka, a. s. IBAN: SK63 0200 0000 0000 5533 4112 BIC: SUBASKBX Follow us","protected":false},"author":1,"featured_media":0,"parent":0,"menu_order":0,"comment_status":"closed","ping_status":"closed","template":"","meta":[],"acf":[],"_links":{"self":[{"href":"https:\/\/iscm-slovakia.org\/en\/wp-json\/wp\/v2\/pages\/2179"}],"collection":[{"href":"https:\/\/iscm-slovakia.org\/en\/wp-json\/wp\/v2\/pages"}],"about":[{"href":"https:\/\/iscm-slovakia.org\/en\/wp-json\/wp\/v2\/types\/page"}],"author":[{"embeddable":true,"href":"https:\/\/iscm-slovakia.org\/en\/wp-json\/wp\/v2\/users\/1"}],"replies":[{"embeddable":true,"href":"https:\/\/iscm-slovakia.org\/en\/wp-json\/wp\/v2\/comments?post=2179"}],"version-history":[{"count":5,"href":"https:\/\/iscm-slovakia.org\/en\/wp-json\/wp\/v2\/pages\/2179\/revisions"}],"predecessor-version":[{"id":2422,"href":"https:\/\/iscm-slovakia.org\/en\/wp-json\/wp\/v2\/pages\/2179\/revisions\/2422"}],"wp:attachment":[{"href":"https:\/\/iscm-slovakia.org\/en\/wp-json\/wp\/v2\/media?parent=2179"}],"curies":[{"name":"wp","href":"https:\/\/api.w.org\/{rel}","templated":true}]}}